{"id":4097,"date":"2023-10-02T19:16:28","date_gmt":"2023-10-02T23:16:28","guid":{"rendered":"https:\/\/louiselarose.com\/declaration-de-confidentialite-ca\/"},"modified":"2023-10-02T19:27:53","modified_gmt":"2023-10-02T23:27:53","slug":"privacy-statement-ca","status":"publish","type":"page","link":"https:\/\/louiselarose.com\/en\/privacy-statement-ca\/","title":{"rendered":"Privacy statement (CA)"},"content":{"rendered":"<p><div class=\"fusion-fullwidth fullwidth-box fusion-builder-row-1 fusion-flex-container has-pattern-background has-mask-background nonhundred-percent-fullwidth non-hundred-percent-height-scrolling\" style=\"--awb-border-radius-top-left:0px;--awb-border-radius-top-right:0px;--awb-border-radius-bottom-right:0px;--awb-border-radius-bottom-left:0px;--awb-padding-top:70px;--awb-padding-bottom:10px;--awb-flex-wrap:wrap;\" ><div class=\"fusion-builder-row fusion-row fusion-flex-align-items-flex-start fusion-flex-content-wrap\" style=\"max-width:1144px;margin-left: calc(-4% \/ 2 );margin-right: calc(-4% \/ 2 );\"><div class=\"fusion-layout-column fusion_builder_column fusion-builder-column-0 fusion_builder_column_1_1 1_1 fusion-flex-column\" style=\"--awb-bg-size:cover;--awb-width-large:100%;--awb-margin-top-large:0px;--awb-spacing-right-large:1.92%;--awb-margin-bottom-large:20px;--awb-spacing-left-large:1.92%;--awb-width-medium:100%;--awb-order-medium:0;--awb-spacing-right-medium:1.92%;--awb-spacing-left-medium:1.92%;--awb-width-small:100%;--awb-order-small:0;--awb-spacing-right-small:1.92%;--awb-spacing-left-small:1.92%;\"><div class=\"fusion-column-wrapper fusion-column-has-shadow fusion-flex-justify-content-flex-start fusion-content-layout-column\"><div class=\"fusion-title title fusion-title-1 fusion-sep-none fusion-title-center fusion-title-text fusion-title-size-one\" style=\"--awb-margin-top-small:10px;--awb-margin-right-small:0px;--awb-margin-bottom-small:10px;--awb-margin-left-small:0px;--awb-font-size:32px;\"><h1 class=\"fusion-title-heading title-heading-center fusion-responsive-typography-calculated\" style=\"margin:0;font-size:1em;--fontSize:32;line-height:1.41;\">Privacy statement (CA)<\/h1><\/div><\/div><\/div><\/div><\/div><div class=\"fusion-fullwidth fullwidth-box fusion-builder-row-2 fusion-flex-container has-pattern-background has-mask-background nonhundred-percent-fullwidth non-hundred-percent-height-scrolling\" style=\"--awb-border-radius-top-left:0px;--awb-border-radius-top-right:0px;--awb-border-radius-bottom-right:0px;--awb-border-radius-bottom-left:0px;--awb-padding-bottom:70px;--awb-flex-wrap:wrap;\" ><div class=\"fusion-builder-row fusion-row fusion-flex-align-items-center fusion-flex-justify-content-center fusion-flex-content-wrap\" style=\"max-width:1144px;margin-left: calc(-4% \/ 2 );margin-right: calc(-4% \/ 2 );\"><div class=\"fusion-layout-column fusion_builder_column fusion-builder-column-1 fusion_builder_column_2_3 2_3 fusion-flex-column\" style=\"--awb-bg-size:cover;--awb-width-large:66.666666666667%;--awb-margin-top-large:0px;--awb-spacing-right-large:2.88%;--awb-margin-bottom-large:0px;--awb-spacing-left-large:2.88%;--awb-width-medium:100%;--awb-spacing-right-medium:1.92%;--awb-spacing-left-medium:1.92%;--awb-width-small:100%;--awb-spacing-right-small:1.92%;--awb-spacing-left-small:1.92%;\"><div class=\"fusion-column-wrapper fusion-flex-justify-content-flex-start fusion-content-layout-column\"><div class=\"fusion-text fusion-text-1\"><p><!-- Legal document generated by Complianz | GDPR\/CCPA Cookie Consent https:\/\/wordpress.org\/plugins\/complianz-gdpr --><\/p>\n<div id=\"cmplz-document\" class=\"cmplz-document privacy-statement cmplz-document-ca\">\n<p><i>This privacy statement was last changed on 24 November 2025, last checked on 24 November 2025, and applies to citizens and legal permanent residents of Canada.<\/i><\/p>\n<p>In this privacy statement, we explain what we do with the data we obtain about you via <a href=\"https:\/\/louiselarose.com\/en\/\">https:\/\/louiselarose.com\/en\/<\/a>. We recommend you carefully read this statement. In our processing we comply with the requirements of privacy legislation. That means, among other things, that:<\/p>\n<ul>\n<li>we clearly state the purposes for which we process personal data. We do this by means of this privacy statement;<\/li>\n<li>we aim to limit our collection of personal data to only the personal data required for legitimate purposes;<\/li>\n<li>we first request your explicit consent to process your personal data in cases requiring your consent;<\/li>\n<li>we take appropriate security measures to protect your personal data and also require this from parties that process personal data on our behalf;<\/li>\n<li>we respect your right to access your personal data or have it corrected or deleted, at your request.<\/li>\n<\/ul>\n<p>If you have any questions, or want to know exactly what data we keep of you, please contact us.<\/p>\n<h2>1. Purpose and categories of data<\/h2>\n<p>We may collect or receive personal information for a number of purposes connected with our business operations which may include the following: (click to expand)<\/b><\/p>\n<details class=\"cmplz-dropdown dropdown-privacy-statement\">\n<summary>\n<div>\n<h3>1.1 Contact &#8211; Through phone, mail, email and\/or webforms<\/h3>\n<\/div>\n<\/summary>\n<p class=\"cmplz-subtitle\">The following categories of data are collected<\/p>\n<ul>\n<li>A first and last name<\/li>\n<li>An email address<\/li>\n<li>A telephone number<\/li>\n<\/ul>\n<p class=\"cmplz-subtitle\">Retention period<\/p>\n<p>We retain this data until the service is terminated.<\/p>\n<\/details>\n<h2>2. Disclosure practices<\/h2>\n<p><p>We disclose personal information if we are required by law or by a court order, in response to a law enforcement agency, to the extent permitted under other provisions of law, to provide information, or for an investigation on a matter related to public safety.<\/p>\n<p>If our website or organisation is taken over, sold, or involved in a merger or acquisition, your details may be disclosed to our advisers and any prospective purchasers and will be passed on to the new owners.<\/p>\n<\/p>\n<h2>3. How we respond to Do Not Track signals &amp; Global Privacy Control <\/h2>\n<p>Our website responds to and supports the Do Not Track (DNT) header request field. If you turn DNT on in your browser, those preferences are communicated to us in the HTTP request header, and we will not track your browsing behavior.<\/p>\n<h2>4. Cookies<\/h2>\n<p>Our website uses cookies. For more information about cookies, please refer to our Cookie Policy on our <a href=\"https:\/\/louiselarose.com\/en\/cookie-policy-ca\/\">Cookie policy (CA)<\/a> webpage.&nbsp;<\/p>\n<p>The inclusion of full IP addresses is blocked by us.<\/p>\n<h2>5. Security<\/h2>\n<p>We are committed to the security of personal data. We take appropriate security measures to limit abuse of and unauthorized access to personal data. This ensures that only the necessary persons have access to your data, that access to the data is protected, and that our security measures are regularly reviewed.<\/p>\n<h2>6. Third party websites<\/h2>\n<p>This privacy statement does not apply to third party websites connected by links on our website. We cannot guarantee that these third parties handle your personal data in a reliable or secure manner. We recommend you read the privacy statements of these websites prior to making use of these websites.<\/p>\n<h2>7. Amendments to this privacy statement<\/h2>\n<p>We reserve the right to make amendments to this privacy statement. It is recommended that you consult this privacy statement regularly in order to be aware of any changes. In addition, we will actively inform you wherever possible.<\/p>\n<h2>8. Accessing and modifying your data<\/h2>\n<p>If you have any questions or want to know which personal data we have about you, please contact us. Please make sure to always clearly state who you are, so that we can be certain that we do not modify or delete any data of the wrong person. We shall provide the requested information only upon receipt of a verifiable consumer request. You can contact us by using the information below.<\/p>\n<p class=\"cmplz-subtitle\">8.1 You have the following rights with respect to your personal data<\/p>\n<ol class=\"alphabetic\">\n<li>You may submit a request for access to the data we process about you.<\/li>\n<li>You may request an overview, in a commonly used format, of the data we process about you.<\/li>\n<li>You may request correction or deletion of the data if it is incorrect or not or no longer relevant. Where appropriate, the amended information shall be transmitted to third parties having access to the information in question.<\/li>\n<li>You have the right to withdraw consent at any time, subject to legal or contractual restrictions and reasonable notice. You will be informed of the implications of such withdrawal.<\/li>\n<li>You have the right to address a challenge concerning non-compliance with PIPEDA to our organization and, if the issue is not resolved, to the Office of the Privacy Commissioner of Canada.<\/li>\n<li>We shall give access to personal information in an alternative format to an individual with a sensory disability who has a right of access to personal information under PIPEDA and who requests that it be transmitted in the alternative format if (a) a version of the information already exists in that format; or (b) its conversion into that format is reasonable and necessary in order for the individual to be able to exercise rights.<\/li>\n<\/ol>\n<h2>9. Children<\/h2>\n<p>Our website is not designed to attract children and it is not our intent to collect personal data from children under the age of consent in their country of residence. We therefore request that children under the age of consent do not submit any personal data to us.<\/p>\n<h2>10. Contact details<\/h2>\n<p>Louise Larose<br \/>\n        3767, rue Wellington, <br \/>\nVerdun, Qu\u00e9bec  <br \/>\nH4G 1V1 Canada<br \/>\n        Canada<br \/>\n        Website: <a href=\"https:\/\/louiselarose.com\/en\/\">https:\/\/louiselarose.com\/en\/<\/a> <br \/>\n        Email: <span class=\"cmplz-obfuscate\">&#076;oui&#115;&#101;La&#114;os&#101;@<span class=\"cmplz-fmail-domain\">ex&#046;c&#111;&#109;<\/span>&#104;&#111;&#116;&#109;ail.c&#111;m<\/span> <\/p>\n<p>        Phone number: 514-247-0645<\/p>\n<h2>11. Data Requests<\/h2>\n<p>For the most frequently submitted requests, we also offer you the possibility to use our data request form\t\t\t<\/p>\n<div class=\"cmplz-datarequest cmplz-alert\">\n\t\t\t\t<span class=\"cmplz-close\">&times;<\/span>\n\t\t\t\t<span id=\"cmplz-message\"><\/span>\n\t\t\t<\/div>\n<form id=\"cmplz-datarequest-form\">\n\t\t\t\t<input type=\"hidden\" required value=\"ca\" name=\"cmplz_datarequest_region\" id=\"cmplz_datarequest_region\" ><\/p>\n<p>\t\t\t\t<label for=\"cmplz_datarequest_firstname\" class=\"cmplz-first-name\">Name\t\t\t\t\t<input type=\"search\" class=\"datarequest-firstname\" value=\"\" placeholder=\"your first name\" id=\"cmplz_datarequest_firstname\" name=\"cmplz_datarequest_firstname\" >\n\t\t\t\t<\/label><\/p>\n<div>\n\t\t\t\t\t<label for=\"cmplz_datarequest_name\">Name<\/label>\n\t\t\t\t\t<input type=\"text\" required value=\"\" placeholder=\"Your name\" id=\"cmplz_datarequest_name\" name=\"cmplz_datarequest_name\">\n\t\t\t\t<\/div>\n<div>\n\t\t\t\t\t<label for=\"cmplz_datarequest_email\">Email<\/label>\n\t\t\t\t\t<input type=\"email\" required value=\"\" placeholder=\"email@email.com\" id=\"cmplz_datarequest_email\" name=\"cmplz_datarequest_email\">\n\t\t\t\t<\/div>\n<div class=\"cmplz_datarequest cmplz_datarequest_request_for_access\">\n\t\t\t\t\t\t\t<label for=\"cmplz_datarequest_request_for_access\">\n\t\t\t\t\t\t\t\t<input type=\"checkbox\" value=\"1\" name=\"cmplz_datarequest_request_for_access\" id=\"cmplz_datarequest_request_for_access\"\/>\n\t\t\t\t\t\t\t\tSubmit a request for access to the data we process about you.\t\t\t\t\t\t\t<\/label>\n\t\t\t\t\t\t<\/div>\n<div class=\"cmplz_datarequest cmplz_datarequest_right_to_be_forgotten\">\n\t\t\t\t\t\t\t<label for=\"cmplz_datarequest_right_to_be_forgotten\">\n\t\t\t\t\t\t\t\t<input type=\"checkbox\" value=\"1\" name=\"cmplz_datarequest_right_to_be_forgotten\" id=\"cmplz_datarequest_right_to_be_forgotten\"\/>\n\t\t\t\t\t\t\t\tSubmit a request for deletion of the data if it is no longer relevant.\t\t\t\t\t\t\t<\/label>\n\t\t\t\t\t\t<\/div>\n<div class=\"cmplz_datarequest cmplz_datarequest_right_to_data_portability\">\n\t\t\t\t\t\t\t<label for=\"cmplz_datarequest_right_to_data_portability\">\n\t\t\t\t\t\t\t\t<input type=\"checkbox\" value=\"1\" name=\"cmplz_datarequest_right_to_data_portability\" id=\"cmplz_datarequest_right_to_data_portability\"\/>\n\t\t\t\t\t\t\t\tSubmit a request to receive an export file of the data we process about you.\t\t\t\t\t\t\t<\/label>\n\t\t\t\t\t\t<\/div>\n<p>\t\t\t\t\t\t\t\t<input type=\"button\" id=\"cmplz-datarequest-submit\"  value=\"Send\">\n\t\t\t<\/form>\n<style>\n\t\t\t\t\/* first-name is honeypot *\/\n\t\t\t\t.cmplz-first-name {\n\t\t\t\t\tposition: absolute !important;\n\t\t\t\t\tleft: -5000px !important;\n\t\t\t\t}\n\t\t\t<\/style>\n<\/p>\n<p>We have appointed a contact person for the organization\u2019s policies and practices and to whom complaints or inquiries can be forwarded:<br \/>Louise Larose<br \/>3767, rue Wellington, <br \/>\nVerdun, Qu\u00e9bec  <br \/>\nH4G 1V1 Canada<\/p>\n<h2>Annex<\/h2>\n<p><h3>WPML<\/h3>\n<p>WPML utilise des cookies pour identifier la langue actuelle du visiteur, la langue derni\u00e8rement consult\u00e9e et la langue des utilisateurs qui se sont connect\u00e9s.<\/p>\n<p>Lorsque vous utilisez le plugin, WPML partagera des donn\u00e9es concernant le site \u00e0 travers Installer. Aucune donn\u00e9e concernant directement l&#8217;utilisateur ne sera partag\u00e9e.<\/p>\n<h3>WPML Media Translation<\/h3>\n<p>                La Traduction de fichiers m\u00e9dias WPML enverra l&#8217;adresse e-mail et le nom de chaque gestionnaire et traducteur assign\u00e9 ainsi que le contenu m\u00eame \u00e0 l&#8217;\u00c9diteur de traduction avanc\u00e9 et aux services de traduction utilis\u00e9s.<\/p>\n<h3>WPML Translation Management<\/h3>\n<p>                La Gestion de traduction WPML enverra l&#8217;adresse e-mail et le nom de chaque gestionnaire et traducteur assign\u00e9 ainsi que les contenus eux-m\u00eames \u00e0 l&#8217;\u00c9diteur de traduction avanc\u00e9 et aux services de traduction utilis\u00e9s.<\/p>\n<h3>WPML String Translation<\/h3>\n<p>                La Traduction de cha\u00eene WPML enverra toutes les cha\u00eenes \u00e0 l&#8217;\u00c9diteur de traduction avanc\u00e9 de WPML et aux services de traduction utilis\u00e9s.<\/p>\n<h3>Burst Statistics<\/h3>\n<p>Ce site web utilise Burst Statistics, un outil statistique respectueux de la confidentialit\u00e9, pour analyser le comportement des visiteurs. Pour cette fonctionnalit\u00e9, nous (ce site web) recueillons des donn\u00e9es anonymes, stock\u00e9es localement sans les partager avec d\u2019autres parties. Pour plus d\u2019informations, veuillez lire la <a href=\"https:\/\/burst-statistics.com\/legal\/privacy-statement\/\" target=\"_blank\"> D\u00e9claration de confidentialit\u00e9 <\/a> de Burst.<\/p>\n<h3>Really Simple SSL<\/h3>\n<p>Really Simple SSL et les modules Really Simple SSL ne traitent aucune information personnelle identifiable, de sorte que le RGPD ne s\u2019applique pas \u00e0 ces extensions ou \u00e0 l\u2019utilisation de ces extensions sur votre site web. Vous pouvez trouver notre politique de confidentialit\u00e9 <a href=\"https:\/\/really-simple-ssl.com\/privacy-statement\/\" target=\"_blank\">ici<\/a>.<\/p>\n<h3>Complianz | The Privacy Suite for WordPress<\/h3>\n<p>Ce site web utilise la Privacy Suite for WordPress de Complianz pour collecter les enregistrements de consentement.&nbsp;Pour cette fonctionnalit\u00e9, votre adresse IP est rendue anonyme et stock\u00e9e dans notre base de donn\u00e9es.&nbsp;Pour plus d\u2019informations, consultez la <a href=\"https:\/\/complianz.io\/privacy-statement\/\" target=\"_blank\">D\u00e9claration de confidentialit\u00e9<\/a> de Complianz.<\/p>\n<h3>Akismet<\/h3>\n<p>                Nous recueillons des informations sur les visiteurs qui commentent sur les sites utilisant notre service anti-spam Akismet. Les informations que nous recueillons d\u00e9pendent de la mani\u00e8re dont l&#8217;utilisateur configure Akismet pour le site, mais comprennent g\u00e9n\u00e9ralement l&#8217;adresse IP, l&#8217;agent utilisateur, le r\u00e9f\u00e9rent et l&#8217;URL du site du commentateur (ainsi que d&#8217;autres informations directement fournies par le commentateur, telles que son nom, son nom d&#8217;utilisateur, son adresse \u00e9lectronique et le commentaire lui-m\u00eame).\n            <\/p>\n<\/div>\n<\/div><\/div><\/div><\/div><\/div><\/p>","protected":false},"excerpt":{"rendered":"","protected":false},"author":1,"featured_media":0,"parent":0,"menu_order":0,"comment_status":"closed","ping_status":"closed","template":"","meta":{"footnotes":""},"class_list":["post-4097","page","type-page","status-publish","hentry"],"yoast_head":"<!-- This site is optimized with the Yoast SEO plugin v27.3 - https:\/\/yoast.com\/product\/yoast-seo-wordpress\/ -->\n<title>Privacy statement (CA) - Louise Larose, artiste peintre<\/title>\n<meta name=\"robots\" content=\"noindex, nofollow\" \/>\n<meta property=\"og:locale\" content=\"en_US\" \/>\n<meta property=\"og:type\" content=\"article\" \/>\n<meta property=\"og:title\" content=\"Privacy statement (CA) - Louise Larose, artiste peintre\" \/>\n<meta property=\"og:url\" content=\"https:\/\/louiselarose.com\/en\/privacy-statement-ca\/\" \/>\n<meta property=\"og:site_name\" content=\"Louise Larose, artiste peintre\" \/>\n<meta property=\"article:publisher\" content=\"https:\/\/www.facebook.com\/LouiseLaroseArtiste\/\" \/>\n<meta property=\"article:modified_time\" content=\"2023-10-02T23:27:53+00:00\" \/>\n<meta name=\"twitter:card\" content=\"summary_large_image\" \/>\n<meta name=\"twitter:label1\" content=\"Est. reading time\" \/>\n\t<meta name=\"twitter:data1\" content=\"3 minutes\" \/>\n<script type=\"application\/ld+json\" class=\"yoast-schema-graph\">{\"@context\":\"https:\\\/\\\/schema.org\",\"@graph\":[{\"@type\":\"WebPage\",\"@id\":\"https:\\\/\\\/louiselarose.com\\\/en\\\/privacy-statement-ca\\\/\",\"url\":\"https:\\\/\\\/louiselarose.com\\\/en\\\/privacy-statement-ca\\\/\",\"name\":\"Privacy statement (CA) - Louise Larose, artiste peintre\",\"isPartOf\":{\"@id\":\"https:\\\/\\\/louiselarose.com\\\/#website\"},\"datePublished\":\"2023-10-02T23:16:28+00:00\",\"dateModified\":\"2023-10-02T23:27:53+00:00\",\"breadcrumb\":{\"@id\":\"https:\\\/\\\/louiselarose.com\\\/en\\\/privacy-statement-ca\\\/#breadcrumb\"},\"inLanguage\":\"en-US\",\"potentialAction\":[{\"@type\":\"ReadAction\",\"target\":[\"https:\\\/\\\/louiselarose.com\\\/en\\\/privacy-statement-ca\\\/\"]}]},{\"@type\":\"BreadcrumbList\",\"@id\":\"https:\\\/\\\/louiselarose.com\\\/en\\\/privacy-statement-ca\\\/#breadcrumb\",\"itemListElement\":[{\"@type\":\"ListItem\",\"position\":1,\"name\":\"Home\",\"item\":\"https:\\\/\\\/louiselarose.com\\\/en\\\/\"},{\"@type\":\"ListItem\",\"position\":2,\"name\":\"Privacy statement (CA)\"}]},{\"@type\":\"WebSite\",\"@id\":\"https:\\\/\\\/louiselarose.com\\\/#website\",\"url\":\"https:\\\/\\\/louiselarose.com\\\/\",\"name\":\"Louise Larose, artiste peintre\",\"description\":\"Louise Larose, artiste peintre\",\"potentialAction\":[{\"@type\":\"SearchAction\",\"target\":{\"@type\":\"EntryPoint\",\"urlTemplate\":\"https:\\\/\\\/louiselarose.com\\\/?s={search_term_string}\"},\"query-input\":{\"@type\":\"PropertyValueSpecification\",\"valueRequired\":true,\"valueName\":\"search_term_string\"}}],\"inLanguage\":\"en-US\"}]}<\/script>\n<!-- \/ Yoast SEO plugin. -->","yoast_head_json":{"title":"Privacy statement (CA) - Louise Larose, artiste peintre","robots":{"index":"noindex","follow":"nofollow"},"og_locale":"en_US","og_type":"article","og_title":"Privacy statement (CA) - Louise Larose, artiste peintre","og_url":"https:\/\/louiselarose.com\/en\/privacy-statement-ca\/","og_site_name":"Louise Larose, artiste peintre","article_publisher":"https:\/\/www.facebook.com\/LouiseLaroseArtiste\/","article_modified_time":"2023-10-02T23:27:53+00:00","twitter_card":"summary_large_image","twitter_misc":{"Est. reading time":"3 minutes"},"schema":{"@context":"https:\/\/schema.org","@graph":[{"@type":"WebPage","@id":"https:\/\/louiselarose.com\/en\/privacy-statement-ca\/","url":"https:\/\/louiselarose.com\/en\/privacy-statement-ca\/","name":"Privacy statement (CA) - Louise Larose, artiste peintre","isPartOf":{"@id":"https:\/\/louiselarose.com\/#website"},"datePublished":"2023-10-02T23:16:28+00:00","dateModified":"2023-10-02T23:27:53+00:00","breadcrumb":{"@id":"https:\/\/louiselarose.com\/en\/privacy-statement-ca\/#breadcrumb"},"inLanguage":"en-US","potentialAction":[{"@type":"ReadAction","target":["https:\/\/louiselarose.com\/en\/privacy-statement-ca\/"]}]},{"@type":"BreadcrumbList","@id":"https:\/\/louiselarose.com\/en\/privacy-statement-ca\/#breadcrumb","itemListElement":[{"@type":"ListItem","position":1,"name":"Home","item":"https:\/\/louiselarose.com\/en\/"},{"@type":"ListItem","position":2,"name":"Privacy statement (CA)"}]},{"@type":"WebSite","@id":"https:\/\/louiselarose.com\/#website","url":"https:\/\/louiselarose.com\/","name":"Louise Larose, artiste peintre","description":"Louise Larose, artiste peintre","potentialAction":[{"@type":"SearchAction","target":{"@type":"EntryPoint","urlTemplate":"https:\/\/louiselarose.com\/?s={search_term_string}"},"query-input":{"@type":"PropertyValueSpecification","valueRequired":true,"valueName":"search_term_string"}}],"inLanguage":"en-US"}]}},"_links":{"self":[{"href":"https:\/\/louiselarose.com\/en\/wp-json\/wp\/v2\/pages\/4097","targetHints":{"allow":["GET"]}}],"collection":[{"href":"https:\/\/louiselarose.com\/en\/wp-json\/wp\/v2\/pages"}],"about":[{"href":"https:\/\/louiselarose.com\/en\/wp-json\/wp\/v2\/types\/page"}],"author":[{"embeddable":true,"href":"https:\/\/louiselarose.com\/en\/wp-json\/wp\/v2\/users\/1"}],"replies":[{"embeddable":true,"href":"https:\/\/louiselarose.com\/en\/wp-json\/wp\/v2\/comments?post=4097"}],"version-history":[{"count":1,"href":"https:\/\/louiselarose.com\/en\/wp-json\/wp\/v2\/pages\/4097\/revisions"}],"predecessor-version":[{"id":4098,"href":"https:\/\/louiselarose.com\/en\/wp-json\/wp\/v2\/pages\/4097\/revisions\/4098"}],"wp:attachment":[{"href":"https:\/\/louiselarose.com\/en\/wp-json\/wp\/v2\/media?parent=4097"}],"curies":[{"name":"wp","href":"https:\/\/api.w.org\/{rel}","templated":true}]}}