{"id":2905,"date":"2016-03-22T14:20:40","date_gmt":"2016-03-22T19:20:40","guid":{"rendered":"https:\/\/louiselarose.com\/demarche\/"},"modified":"2025-09-01T09:42:52","modified_gmt":"2025-09-01T13:42:52","slug":"approach","status":"publish","type":"page","link":"https:\/\/louiselarose.com\/en\/approach\/","title":{"rendered":"Approach"},"content":{"rendered":"<div class=\"fusion-fullwidth fullwidth-box fusion-builder-row-1 nonhundred-percent-fullwidth non-hundred-percent-height-scrolling\" style=\"--awb-background-position:left top;--awb-border-sizes-top:0px;--awb-border-sizes-bottom:0px;--awb-border-sizes-left:0px;--awb-border-sizes-right:0px;--awb-border-radius-top-left:0px;--awb-border-radius-top-right:0px;--awb-border-radius-bottom-right:0px;--awb-border-radius-bottom-left:0px;--awb-padding-top:20px;--awb-padding-bottom:20px;--awb-flex-wrap:wrap;\" ><div class=\"fusion-builder-row fusion-row\"><div class=\"fusion-layout-column fusion_builder_column fusion-builder-column-0 fusion_builder_column_1_3 1_3 fusion-one-third fusion-column-first\" style=\"--awb-bg-size:cover;width:30.6666%; margin-right: 4%;\"><div class=\"fusion-column-wrapper fusion-flex-column-wrapper-legacy\"><div class=\"fusion-image-element in-legacy-container\" style=\"--awb-caption-title-font-family:var(--h2_typography-font-family);--awb-caption-title-font-weight:var(--h2_typography-font-weight);--awb-caption-title-font-style:var(--h2_typography-font-style);--awb-caption-title-size:var(--h2_typography-font-size);--awb-caption-title-transform:var(--h2_typography-text-transform);--awb-caption-title-line-height:var(--h2_typography-line-height);--awb-caption-title-letter-spacing:var(--h2_typography-letter-spacing);\"><span class=\" fusion-imageframe imageframe-none imageframe-1 hover-type-none\"><img decoding=\"async\" width=\"450\" height=\"462\" alt=\"Louise Larose artiste peintre\" title=\"Louise_page_demarche\" src=\"https:\/\/louiselarose.com\/wp-content\/uploads\/2016\/03\/Louise_page_demarche.jpg\" class=\"img-responsive wp-image-2714\" srcset=\"https:\/\/louiselarose.com\/wp-content\/uploads\/2016\/03\/Louise_page_demarche-292x300.jpg 292w, https:\/\/louiselarose.com\/wp-content\/uploads\/2016\/03\/Louise_page_demarche.jpg 450w\" sizes=\"(max-width: 450px) 100vw, 450px\" \/><\/span><\/div><div class=\"fusion-clearfix\"><\/div><\/div><\/div><div class=\"fusion-layout-column fusion_builder_column fusion-builder-column-1 fusion_builder_column_2_3 2_3 fusion-two-third fusion-column-last\" style=\"--awb-bg-size:cover;width:65.3333%;\"><div class=\"fusion-column-wrapper fusion-flex-column-wrapper-legacy\"><div class=\"fusion-title title fusion-title-1 sep-underline sep-solid fusion-title-text fusion-title-size-two\" style=\"--awb-margin-bottom:15px;--awb-margin-top-small:10px;--awb-margin-right-small:0px;--awb-margin-bottom-small:10px;--awb-margin-left-small:0px;\"><h2 class=\"fusion-title-heading title-heading-left fusion-responsive-typography-calculated\" style=\"margin:0;--fontSize:20;--minFontSize:20;line-height:1.35;\"><span id=\"result_box\" class=\"short_text\" lang=\"en\">Artistic approach Louise Larose, painter<\/span><\/h2><\/div><div class=\"fusion-text fusion-text-1\"><p>Originally from Montreal, Louise Larose mostly paints with acrylic and mixed media on canvas. She is inspired by her natural surroundings, travels and people. Visual art follows her into her life since childhood. For more than twenty years, she was teaching visual art to high school students and was gratified to be involved in the learning process through art.<\/p>\n<p>Louise Larose takes the viewer inside abstract universe with a very unique language coming from intuition.\u00a0 She says that control is an illusion, she follows the flow and let it happen. She has a sensitive way to communicate with our imagination. She paints with a mixture of contrasts and textures to express powerful emotions. Her strokes are larges and spontaneous.<\/p>\n<p>Louise Larose participated in numerous solo and group exhibitions in Canada, and international events in Brussels, Paris, Toronto, Tunisia and New-York. Her work is shown in Art Galleries in Montreal, Quebec city, and Mont-Tremblant.<\/p>\n<\/div><div class=\"fusion-sep-clear\"><\/div><div class=\"fusion-separator fusion-full-width-sep\" style=\"margin-left: auto;margin-right: auto;margin-bottom:15px;width:100%;\"><div class=\"fusion-separator-border sep-single sep-solid\" style=\"--awb-height:20px;--awb-amount:20px;border-color:#e0dede;border-top-width:1px;\"><\/div><\/div><div class=\"fusion-sep-clear\"><\/div><div class=\"fusion-clearfix\"><\/div><\/div><\/div><div class=\"fusion-layout-column fusion_builder_column fusion-builder-column-2 fusion_builder_column_1_1 1_1 fusion-one-full fusion-column-first fusion-column-last fusion-column-no-min-height\" style=\"--awb-bg-size:cover;--awb-margin-bottom:0px;\"><div class=\"fusion-column-wrapper fusion-flex-column-wrapper-legacy\"><div class=\"fusion-title title fusion-title-2 sep-underline sep-solid fusion-title-text fusion-title-size-two\" style=\"--awb-margin-top:40px;--awb-margin-top-small:10px;--awb-margin-right-small:0px;--awb-margin-bottom-small:10px;--awb-margin-left-small:0px;\"><h2 class=\"fusion-title-heading title-heading-left fusion-responsive-typography-calculated\" style=\"margin:0;--fontSize:20;--minFontSize:20;line-height:1.35;\"><span class=\"st\">Curriculum Vit\u00e6<\/span><\/h2><\/div><div class=\"fusion-clearfix\"><\/div><\/div><\/div><div class=\"fusion-layout-column fusion_builder_column fusion-builder-column-3 fusion_builder_column_1_1 1_1 fusion-one-full fusion-column-first fusion-column-last fusion-column-no-min-height\" style=\"--awb-bg-size:cover;--awb-margin-bottom:0px;\"><div class=\"fusion-column-wrapper fusion-flex-column-wrapper-legacy\"><div class=\"fusion-tabs fusion-tabs-1 clean cv-louise vertical-tabs icon-position-left mobile-mode-accordion\" style=\"--awb-title-border-radius-top-left:0px;--awb-title-border-radius-top-right:0px;--awb-title-border-radius-bottom-right:0px;--awb-title-border-radius-bottom-left:0px;--awb-alignment:start;--awb-inactive-color:#ebeaea;--awb-background-color:#ffffff;--awb-border-color:#ebeaea;--awb-active-border-color:#657e87;\" id=\"cv-louise\"><div class=\"nav\"><ul class=\"nav-tabs\" role=\"tablist\"><li class=\"active\" role=\"presentation\"><a class=\"tab-link\" data-toggle=\"tab\" role=\"tab\" aria-controls=\"tab-25eb3178a7522873b72\" aria-selected=\"true\" id=\"fusion-tab-soloexhibition\" href=\"#tab-25eb3178a7522873b72\"><h4 class=\"fusion-tab-heading\">Solo Exhibition<\/h4><\/a><\/li><li role=\"presentation\"><a class=\"tab-link\" data-toggle=\"tab\" role=\"tab\" aria-controls=\"tab-4168530f7e5dd9595f1\" aria-selected=\"false\" tabindex=\"-1\" id=\"fusion-tab-groupexhibition\" href=\"#tab-4168530f7e5dd9595f1\"><h4 class=\"fusion-tab-heading\">Group Exhibition<\/h4><\/a><\/li><li role=\"presentation\"><a class=\"tab-link\" data-toggle=\"tab\" role=\"tab\" aria-controls=\"tab-da6f2b48aabebfe0f75\" aria-selected=\"false\" tabindex=\"-1\" id=\"fusion-tab-buildingexhibition\" href=\"#tab-da6f2b48aabebfe0f75\"><h4 class=\"fusion-tab-heading\">Building Exhibition<\/h4><\/a><\/li><li role=\"presentation\"><a class=\"tab-link\" data-toggle=\"tab\" role=\"tab\" aria-controls=\"tab-0dae7ea448a0276cc96\" aria-selected=\"false\" tabindex=\"-1\" id=\"fusion-tab-virtualgalleryrepresentation\" href=\"#tab-0dae7ea448a0276cc96\"><h4 class=\"fusion-tab-heading\">Virtual Gallery Representation<\/h4><\/a><\/li><li role=\"presentation\"><a class=\"tab-link\" data-toggle=\"tab\" role=\"tab\" aria-controls=\"tab-96d29e7fadd526d4454\" aria-selected=\"false\" tabindex=\"-1\" id=\"fusion-tab-galleryrepresentation\" href=\"#tab-96d29e7fadd526d4454\"><h4 class=\"fusion-tab-heading\">Gallery Representation<\/h4><\/a><\/li><li role=\"presentation\"><a class=\"tab-link\" data-toggle=\"tab\" role=\"tab\" aria-controls=\"tab-fc75de7fc1b73a2db74\" aria-selected=\"false\" tabindex=\"-1\" id=\"fusion-tab-published\" href=\"#tab-fc75de7fc1b73a2db74\"><h4 class=\"fusion-tab-heading\">Published<\/h4><\/a><\/li><\/ul><\/div><div class=\"tab-content\"><div class=\"nav fusion-mobile-tab-nav\"><ul class=\"nav-tabs\" role=\"tablist\"><li class=\"active\" role=\"presentation\"><a class=\"tab-link\" data-toggle=\"tab\" role=\"tab\" aria-controls=\"tab-25eb3178a7522873b72\" aria-selected=\"true\" id=\"mobile-fusion-tab-soloexhibition\" href=\"#tab-25eb3178a7522873b72\"><h4 class=\"fusion-tab-heading\">Solo Exhibition<\/h4><\/a><\/li><\/ul><\/div><div class=\"tab-pane fade fusion-clearfix in active\" role=\"tabpanel\" tabindex=\"0\" aria-labelledby=\"fusion-tab-soloexhibition\" id=\"tab-25eb3178a7522873b72\">\n<div class=\"pp_list arrow_right\">\n<ul>\n<li>2015: Galerie Espace Contemporain, Montr\u00e9al Qc<\/li>\n<li>2015: Symposium Festival Montr\u00e9al en Arts, Montr\u00e9al Qc<\/li>\n<li>2015: Symposium des Lumi\u00e8res, Quartier DIX30, Brossard, Qc<\/li>\n<li>2014: Symposium des Lumi\u00e8res, Quartier DIX30, Brossard, Qc<\/li>\n<li>2013: Wellington Street Art Gallery, Toronto, Ont.<\/li>\n<li>2013: Symposium des Lumi\u00e8res, Quartier DIX30, Brossard, Qc<\/li>\n<li>2013: Toronto Art Expo, Toronto, Ont.<\/li>\n<li>2013: Monument National, Montr\u00e9al, Quebec<\/li>\n<li>2012: Festiv\u2019art, Boucherville, Quebec<\/li>\n<li>2011: Symposium Pleines Couleurs, Qu\u00e9bec<\/li>\n<li>2011: Festival d\u2019Art Contemporain de Ste-Julie<\/li>\n<li>2010: Galerie Le Rendez-Vous \u00e0 Montr\u00e9al, Qc.<\/li>\n<li>2010: Symposium Frelighsburg, Qc.<\/li>\n<li>2010: F.I.M.A.(Festival International de Montr\u00e9al en Art), Montr\u00e9al, Qc.<\/li>\n<li>2009: Galerie Crystal Racine, Montr\u00e9al, Qc.<\/li>\n<li>2009: F.I.M.A.(Festival International de Montr\u00e9al en Art), Montr\u00e9al, Qc.<\/li>\n<li>2007 \u2013 2008: Journ\u00e9es de la culture de Montr\u00e9al, Qc.<\/li>\n<\/ul>\n<\/div>\n<\/div><div class=\"nav fusion-mobile-tab-nav\"><ul class=\"nav-tabs\" role=\"tablist\"><li role=\"presentation\"><a class=\"tab-link\" data-toggle=\"tab\" role=\"tab\" aria-controls=\"tab-4168530f7e5dd9595f1\" aria-selected=\"false\" tabindex=\"-1\" id=\"mobile-fusion-tab-groupexhibition\" href=\"#tab-4168530f7e5dd9595f1\"><h4 class=\"fusion-tab-heading\">Group Exhibition<\/h4><\/a><\/li><\/ul><\/div><div class=\"tab-pane fade fusion-clearfix\" role=\"tabpanel\" tabindex=\"0\" aria-labelledby=\"fusion-tab-groupexhibition\" id=\"tab-4168530f7e5dd9595f1\">\n<div class=\"pp_list arrow_right\">\n<ul>\n<li>2016: Abstraction, Galerie Art et Miss, Paris.<\/li>\n<li>2016: Bromont en Art, Bromont.<\/li>\n<li>2015: Petits formats, Galerie Art et Miss, Paris.<\/li>\n<li>2015: Lalit Kala Academy Art Gallery, Trivandrum, India.<\/li>\n<li>2015: Petits formats, Galerie L\u2019Espace Contemporain, Montr\u00e9al, Qc.<\/li>\n<li>2015: Festival des Arts Contemporains de l\u2019Assomption, Qc.<\/li>\n<li>2015: Songes d\u2019\u00e9t\u00e9, Val-David, Qc.<\/li>\n<li>2015: Exposition Tr\u00e8s Carr\u00e9e, Espace Contemporain, Montr\u00e9al, Qc.<\/li>\n<li>2015: Artoth\u00e8que s\u2019expose \u00e0 Verdun, Centre Elgar, Verdun, Qc.<\/li>\n<li>2015: Parle-moi d\u2019amour, Les Impatients, Piedmont,Qc.<\/li>\n<li>2014: Exposition Internationale, Galerie Exhib\u2019art, Ville St-Laurent Qc.<\/li>\n<li>2014: Vernissage pour l\u2019ouverture de Hachem, Laval Qc.<\/li>\n<li>2014: Maison Parent-Roback, Qc.<\/li>\n<li>2014: SAM 2014, Galerie Etienne de Causans, St-Germain des Pr\u00e9s, Paris<\/li>\n<li>2014: Art sans Fronti\u00e8re, Mus\u00e9e du Bardo, Tunis<\/li>\n<li>2014: Women in Art, Ward Nasse Gallery, New-York<\/li>\n<li>2013: Exposition Internationale, Galerie Art\u2019et Miss, Paris<\/li>\n<li>2013: Attraction, Galerie Exhib\u2019Art, Ville St-Laurent, Qu\u00e9bec<\/li>\n<li>2013: Place \u00e0 l\u2019imagi-nation, Bois-Francs, Quebec<\/li>\n<li>2013: Agora Gallery, Chelsea, New-York<\/li>\n<li>2013: Exhib\u2019Art, Ville St-Laurent, Qu\u00e9bec<\/li>\n<li>2013: Art Expo NYC 2013, New-York<\/li>\n<li>2013: Women in Art, Ward Nasse Gallery, New-York<\/li>\n<li>2012: Peintres Internationaux, Galerie Art\u2019et Miss, Paris<\/li>\n<li>2012: Ma\u00eetres d\u2019hier et d\u2019aujoud\u2019hui, Galerie Exhibart, Montr\u00e9al<\/li>\n<li>2012: Collectif de Galeries Parisiennes, Moscou &amp; St-Petersburg, Russie<\/li>\n<li>2012: Salon International du Design d\u2019Int\u00e9rieur de Montr\u00e9al SIDIM<\/li>\n<li>2012: Circuit des Arts et Culture de Verdun<\/li>\n<li>2012: Athletes +, M.A.A., Montr\u00e9al<\/li>\n<li>2012: Golf de Boucherville. (Galerie Mes Coups de Coeur)<\/li>\n<li>2012: Art au F\u00e9minin, Galerie Art et Miss, Paris<\/li>\n<li>2012: Women in Art, Ward Nasse Gallery, New York<\/li>\n<li>2011: Petits formats Canadiens, Galerie Art et Miss, Paris<\/li>\n<li>2011: Carrousel du Louvre, Paris<\/li>\n<li>2011: Quebec 2011, March\u00e9 Bonsecours, Montr\u00e9al<\/li>\n<li>2011: Agora des peintres au Lac Memphremagog<\/li>\n<li>2011: Circuit des Arts et Culture de Verdun<\/li>\n<li>2011: Salon International du Design d\u2019Int\u00e9rieur de Montr\u00e9al SIDIM<\/li>\n<li>2011: Golf de Boucherville. (Galerie Mes Coups de Coeur)<\/li>\n<li>2010: Galerie MPTresart, Durham Sud, Qc.<\/li>\n<li>2009: Galerie Sake, Montr\u00e9al, Qc.<\/li>\n<li>2008: F\u00e9erie des Arts de Verdun, Qc.<\/li>\n<\/ul>\n<\/div>\n<\/div><div class=\"nav fusion-mobile-tab-nav\"><ul class=\"nav-tabs\" role=\"tablist\"><li role=\"presentation\"><a class=\"tab-link\" data-toggle=\"tab\" role=\"tab\" aria-controls=\"tab-da6f2b48aabebfe0f75\" aria-selected=\"false\" tabindex=\"-1\" id=\"mobile-fusion-tab-buildingexhibition\" href=\"#tab-da6f2b48aabebfe0f75\"><h4 class=\"fusion-tab-heading\">Building Exhibition<\/h4><\/a><\/li><\/ul><\/div><div class=\"tab-pane fade fusion-clearfix\" role=\"tabpanel\" tabindex=\"0\" aria-labelledby=\"fusion-tab-buildingexhibition\" id=\"tab-da6f2b48aabebfe0f75\">\n<div class=\"pp_list arrow_right\">\n<ul>\n<li>2015: Film sur Air France, Paris<\/li>\n<li>2014: Caisse Pop. Maison Radio-Canada, Qc.<\/li>\n<li>2013: \u00c9difice KPMG, Montr\u00e9al, Qc.<\/li>\n<li>2012: Tour de la Bourse de Montr\u00e9al<\/li>\n<li>2011: Si\u00e8ge social de RONA<\/li>\n<li>2010 \u2013 2011: \u00c9difice KPMG, Montr\u00e9al, Qc.<\/li>\n<li>2011: \u00c9difice AXA, Montr\u00e9al, Qc.<\/li>\n<li>2011: \u00c9difice BELL, Montr\u00e9al, Qc.<\/li>\n<\/ul>\n<\/div>\n<\/div><div class=\"nav fusion-mobile-tab-nav\"><ul class=\"nav-tabs\" role=\"tablist\"><li role=\"presentation\"><a class=\"tab-link\" data-toggle=\"tab\" role=\"tab\" aria-controls=\"tab-0dae7ea448a0276cc96\" aria-selected=\"false\" tabindex=\"-1\" id=\"mobile-fusion-tab-virtualgalleryrepresentation\" href=\"#tab-0dae7ea448a0276cc96\"><h4 class=\"fusion-tab-heading\">Virtual Gallery Representation<\/h4><\/a><\/li><\/ul><\/div><div class=\"tab-pane fade fusion-clearfix\" role=\"tabpanel\" tabindex=\"0\" aria-labelledby=\"fusion-tab-virtualgalleryrepresentation\" id=\"tab-0dae7ea448a0276cc96\">\n<div class=\"pp_list arrow_right\">\n<ul>\n<li>2019 &#8211; 2024: Singulart, Paris, France<\/li>\n<li>2013 \u2013 2015: Who\u2019s Who in International Art, Gen\u00e8ve, Suisse2014<\/li>\n<li>2013 \u2013 2014: ZoneLoq, Montr\u00e9al, Qc<\/li>\n<li>2012 \u2013 2012: Le Club des Arts, Montr\u00e9al, Qc<\/li>\n<li>2012 \u2013 2012: Galerie Agora (art\u2019mine), Chelsea, NYC<\/li>\n<li>2012 \u2013 2015: Galerie Ward Nasse, Soho, NYC<\/li>\n<li>2011 \u2013 2015: R.A.A.V<\/li>\n<li>2011 \u2013 2015: EXHIB\u2019ART<\/li>\n<li>2010 \u2013 2011: Galerie du Cercle des Peintres et Sculpteurs du Qu\u00e9bec.<\/li>\n<li>2010 \u2013 2011: Galerie MPTresart Durham Sud, Qc.<\/li>\n<\/ul>\n<\/div>\n<\/div><div class=\"nav fusion-mobile-tab-nav\"><ul class=\"nav-tabs\" role=\"tablist\"><li role=\"presentation\"><a class=\"tab-link\" data-toggle=\"tab\" role=\"tab\" aria-controls=\"tab-96d29e7fadd526d4454\" aria-selected=\"false\" tabindex=\"-1\" id=\"mobile-fusion-tab-galleryrepresentation\" href=\"#tab-96d29e7fadd526d4454\"><h4 class=\"fusion-tab-heading\">Gallery Representation<\/h4><\/a><\/li><\/ul><\/div><div class=\"tab-pane fade fusion-clearfix\" role=\"tabpanel\" tabindex=\"0\" aria-labelledby=\"fusion-tab-galleryrepresentation\" id=\"tab-96d29e7fadd526d4454\">\n<div class=\"pp_list arrow_right\">\n<ul>\n<li>2024 &#8211; 2025: Galerie D&#8217;Art Internationale, Qu\u00e9bec, Qc<\/li>\n<li>2020 &#8211; 2024: Galerie C\u00f4t\u00e9 Cr\u00e9ations, Mont-Tremblant, Qc<\/li>\n<li>2017 &#8211; 2020: Galerie du Hameau, St-Jovite, Qc<\/li>\n<li>2016 \u2013 2017: Galerie\u00a0 L&#8217;Harmattan, Baie St-Paul, Qc<\/li>\n<li>2013 \u2013 2016: Wellington Street Art Gallery, Toronto, Ont<\/li>\n<li>2012 \u2013 2017: Galerie Artoth\u00e8ques, Montr\u00e9al, Qc<\/li>\n<li>2011 \u2013 2017: Galerie Ward-Nasse, Soho, New-York, Usa<\/li>\n<li>2011 \u2013 2017: Galerie d\u2019art Art\u2019et Miss, Paris, France<\/li>\n<li>2011 \u2013 2012: Galerie d\u2019art Le Verseau, Montr\u00e9al, Qc<\/li>\n<li>2011 \u2013 2012: Galerie d\u2019art Trudel, Joliette, Qc<\/li>\n<li>2011 \u2013 2011: Galerie d\u2019art Espace, Eastman, Qc<\/li>\n<li>2010 \u2013 2015: Galerie Mes Coups de Coeur, Boucherville, Qc.<\/li>\n<\/ul>\n<\/div>\n<\/div><div class=\"nav fusion-mobile-tab-nav\"><ul class=\"nav-tabs\" role=\"tablist\"><li role=\"presentation\"><a class=\"tab-link\" data-toggle=\"tab\" role=\"tab\" aria-controls=\"tab-fc75de7fc1b73a2db74\" aria-selected=\"false\" tabindex=\"-1\" id=\"mobile-fusion-tab-published\" href=\"#tab-fc75de7fc1b73a2db74\"><h4 class=\"fusion-tab-heading\">Published<\/h4><\/a><\/li><\/ul><\/div><div class=\"tab-pane fade fusion-clearfix\" role=\"tabpanel\" tabindex=\"0\" aria-labelledby=\"fusion-tab-published\" id=\"tab-fc75de7fc1b73a2db74\">\n<div class=\"pp_list arrow_right\">\n<ul>\n<li>2015 : Metro.com et Magazine de l\u2019\u00eeles des Soeurs, Qc.<\/li>\n<li>2013 : Who\u2019s Who in International Art, Gen\u00e8ve, Suisse2013<\/li>\n<li>2013 : Slate Art Gallery Guide, Toronto August-Septembre 2013<\/li>\n<li>2013 : Messager de Verdun, 14 mars 2013<\/li>\n<li>2013 : Courrier de l\u2019Ile des Soeurs, Vol 3, No 5, 5 f\u00e9vrier<\/li>\n<li>2013 : Magazin\u2019Art Hiver 2013<\/li>\n<li>2012 : International Comtempory Masters Vol VI<\/li>\n<\/ul>\n<\/div>\n<\/div><\/div><\/div><div class=\"fusion-clearfix\"><\/div><\/div><\/div><\/div><\/div>\n","protected":false},"excerpt":{"rendered":"","protected":false},"author":1,"featured_media":0,"parent":0,"menu_order":0,"comment_status":"closed","ping_status":"closed","template":"100-width.php","meta":{"footnotes":""},"class_list":["post-2905","page","type-page","status-publish","hentry"],"yoast_head":"<!-- This site is optimized with the Yoast SEO plugin v27.3 - https:\/\/yoast.com\/product\/yoast-seo-wordpress\/ -->\n<title>Approach - Louise Larose, artiste peintre<\/title>\n<meta name=\"description\" content=\"Louise Larose est n\u00e9e \u00e0 Montr\u00e9al. L\u2019art fait partie de sa vie depuis son enfance et l\u2019a accompagn\u00e9e dans toutes les \u00e9tapes de son existence.\" \/>\n<meta name=\"robots\" content=\"index, follow, max-snippet:-1, max-image-preview:large, max-video-preview:-1\" \/>\n<link rel=\"canonical\" href=\"https:\/\/louiselarose.com\/en\/approach\/\" \/>\n<meta property=\"og:locale\" content=\"en_US\" \/>\n<meta property=\"og:type\" content=\"article\" \/>\n<meta property=\"og:title\" content=\"Approach - Louise Larose, artiste peintre\" \/>\n<meta property=\"og:description\" content=\"Louise Larose est n\u00e9e \u00e0 Montr\u00e9al. L\u2019art fait partie de sa vie depuis son enfance et l\u2019a accompagn\u00e9e dans toutes les \u00e9tapes de son existence.\" \/>\n<meta property=\"og:url\" content=\"https:\/\/louiselarose.com\/en\/approach\/\" \/>\n<meta property=\"og:site_name\" content=\"Louise Larose, artiste peintre\" \/>\n<meta property=\"article:publisher\" content=\"https:\/\/www.facebook.com\/LouiseLaroseArtiste\/\" \/>\n<meta property=\"article:modified_time\" content=\"2025-09-01T13:42:52+00:00\" \/>\n<meta property=\"og:image\" content=\"https:\/\/louiselarose.com\/wp-content\/uploads\/2016\/03\/Louise_page_demarche.jpg\" \/>\n\t<meta property=\"og:image:width\" content=\"450\" \/>\n\t<meta property=\"og:image:height\" content=\"462\" \/>\n\t<meta property=\"og:image:type\" content=\"image\/jpeg\" \/>\n<meta name=\"twitter:card\" content=\"summary_large_image\" \/>\n<meta name=\"twitter:label1\" content=\"Est. reading time\" \/>\n\t<meta name=\"twitter:data1\" content=\"5 minutes\" \/>\n<script type=\"application\/ld+json\" class=\"yoast-schema-graph\">{\"@context\":\"https:\\\/\\\/schema.org\",\"@graph\":[{\"@type\":\"WebPage\",\"@id\":\"https:\\\/\\\/louiselarose.com\\\/en\\\/approach\\\/\",\"url\":\"https:\\\/\\\/louiselarose.com\\\/en\\\/approach\\\/\",\"name\":\"Approach - Louise Larose, artiste peintre\",\"isPartOf\":{\"@id\":\"https:\\\/\\\/louiselarose.com\\\/#website\"},\"primaryImageOfPage\":{\"@id\":\"https:\\\/\\\/louiselarose.com\\\/en\\\/approach\\\/#primaryimage\"},\"image\":{\"@id\":\"https:\\\/\\\/louiselarose.com\\\/en\\\/approach\\\/#primaryimage\"},\"thumbnailUrl\":\"https:\\\/\\\/louiselarose.com\\\/wp-content\\\/uploads\\\/2016\\\/03\\\/Louise_page_demarche.jpg\",\"datePublished\":\"2016-03-22T19:20:40+00:00\",\"dateModified\":\"2025-09-01T13:42:52+00:00\",\"description\":\"Louise Larose est n\u00e9e \u00e0 Montr\u00e9al. L\u2019art fait partie de sa vie depuis son enfance et l\u2019a accompagn\u00e9e dans toutes les \u00e9tapes de son existence.\",\"breadcrumb\":{\"@id\":\"https:\\\/\\\/louiselarose.com\\\/en\\\/approach\\\/#breadcrumb\"},\"inLanguage\":\"en-US\",\"potentialAction\":[{\"@type\":\"ReadAction\",\"target\":[\"https:\\\/\\\/louiselarose.com\\\/en\\\/approach\\\/\"]}]},{\"@type\":\"ImageObject\",\"inLanguage\":\"en-US\",\"@id\":\"https:\\\/\\\/louiselarose.com\\\/en\\\/approach\\\/#primaryimage\",\"url\":\"https:\\\/\\\/louiselarose.com\\\/wp-content\\\/uploads\\\/2016\\\/03\\\/Louise_page_demarche.jpg\",\"contentUrl\":\"https:\\\/\\\/louiselarose.com\\\/wp-content\\\/uploads\\\/2016\\\/03\\\/Louise_page_demarche.jpg\"},{\"@type\":\"BreadcrumbList\",\"@id\":\"https:\\\/\\\/louiselarose.com\\\/en\\\/approach\\\/#breadcrumb\",\"itemListElement\":[{\"@type\":\"ListItem\",\"position\":1,\"name\":\"Home\",\"item\":\"https:\\\/\\\/louiselarose.com\\\/en\\\/\"},{\"@type\":\"ListItem\",\"position\":2,\"name\":\"Approach\"}]},{\"@type\":\"WebSite\",\"@id\":\"https:\\\/\\\/louiselarose.com\\\/#website\",\"url\":\"https:\\\/\\\/louiselarose.com\\\/\",\"name\":\"Louise Larose, artiste peintre\",\"description\":\"Louise Larose, artiste peintre\",\"potentialAction\":[{\"@type\":\"SearchAction\",\"target\":{\"@type\":\"EntryPoint\",\"urlTemplate\":\"https:\\\/\\\/louiselarose.com\\\/?s={search_term_string}\"},\"query-input\":{\"@type\":\"PropertyValueSpecification\",\"valueRequired\":true,\"valueName\":\"search_term_string\"}}],\"inLanguage\":\"en-US\"}]}<\/script>\n<!-- \/ Yoast SEO plugin. -->","yoast_head_json":{"title":"Approach - Louise Larose, artiste peintre","description":"Louise Larose est n\u00e9e \u00e0 Montr\u00e9al. L\u2019art fait partie de sa vie depuis son enfance et l\u2019a accompagn\u00e9e dans toutes les \u00e9tapes de son existence.","robots":{"index":"index","follow":"follow","max-snippet":"max-snippet:-1","max-image-preview":"max-image-preview:large","max-video-preview":"max-video-preview:-1"},"canonical":"https:\/\/louiselarose.com\/en\/approach\/","og_locale":"en_US","og_type":"article","og_title":"Approach - Louise Larose, artiste peintre","og_description":"Louise Larose est n\u00e9e \u00e0 Montr\u00e9al. L\u2019art fait partie de sa vie depuis son enfance et l\u2019a accompagn\u00e9e dans toutes les \u00e9tapes de son existence.","og_url":"https:\/\/louiselarose.com\/en\/approach\/","og_site_name":"Louise Larose, artiste peintre","article_publisher":"https:\/\/www.facebook.com\/LouiseLaroseArtiste\/","article_modified_time":"2025-09-01T13:42:52+00:00","og_image":[{"width":450,"height":462,"url":"https:\/\/louiselarose.com\/wp-content\/uploads\/2016\/03\/Louise_page_demarche.jpg","type":"image\/jpeg"}],"twitter_card":"summary_large_image","twitter_misc":{"Est. reading time":"5 minutes"},"schema":{"@context":"https:\/\/schema.org","@graph":[{"@type":"WebPage","@id":"https:\/\/louiselarose.com\/en\/approach\/","url":"https:\/\/louiselarose.com\/en\/approach\/","name":"Approach - Louise Larose, artiste peintre","isPartOf":{"@id":"https:\/\/louiselarose.com\/#website"},"primaryImageOfPage":{"@id":"https:\/\/louiselarose.com\/en\/approach\/#primaryimage"},"image":{"@id":"https:\/\/louiselarose.com\/en\/approach\/#primaryimage"},"thumbnailUrl":"https:\/\/louiselarose.com\/wp-content\/uploads\/2016\/03\/Louise_page_demarche.jpg","datePublished":"2016-03-22T19:20:40+00:00","dateModified":"2025-09-01T13:42:52+00:00","description":"Louise Larose est n\u00e9e \u00e0 Montr\u00e9al. L\u2019art fait partie de sa vie depuis son enfance et l\u2019a accompagn\u00e9e dans toutes les \u00e9tapes de son existence.","breadcrumb":{"@id":"https:\/\/louiselarose.com\/en\/approach\/#breadcrumb"},"inLanguage":"en-US","potentialAction":[{"@type":"ReadAction","target":["https:\/\/louiselarose.com\/en\/approach\/"]}]},{"@type":"ImageObject","inLanguage":"en-US","@id":"https:\/\/louiselarose.com\/en\/approach\/#primaryimage","url":"https:\/\/louiselarose.com\/wp-content\/uploads\/2016\/03\/Louise_page_demarche.jpg","contentUrl":"https:\/\/louiselarose.com\/wp-content\/uploads\/2016\/03\/Louise_page_demarche.jpg"},{"@type":"BreadcrumbList","@id":"https:\/\/louiselarose.com\/en\/approach\/#breadcrumb","itemListElement":[{"@type":"ListItem","position":1,"name":"Home","item":"https:\/\/louiselarose.com\/en\/"},{"@type":"ListItem","position":2,"name":"Approach"}]},{"@type":"WebSite","@id":"https:\/\/louiselarose.com\/#website","url":"https:\/\/louiselarose.com\/","name":"Louise Larose, artiste peintre","description":"Louise Larose, artiste peintre","potentialAction":[{"@type":"SearchAction","target":{"@type":"EntryPoint","urlTemplate":"https:\/\/louiselarose.com\/?s={search_term_string}"},"query-input":{"@type":"PropertyValueSpecification","valueRequired":true,"valueName":"search_term_string"}}],"inLanguage":"en-US"}]}},"_links":{"self":[{"href":"https:\/\/louiselarose.com\/en\/wp-json\/wp\/v2\/pages\/2905","targetHints":{"allow":["GET"]}}],"collection":[{"href":"https:\/\/louiselarose.com\/en\/wp-json\/wp\/v2\/pages"}],"about":[{"href":"https:\/\/louiselarose.com\/en\/wp-json\/wp\/v2\/types\/page"}],"author":[{"embeddable":true,"href":"https:\/\/louiselarose.com\/en\/wp-json\/wp\/v2\/users\/1"}],"replies":[{"embeddable":true,"href":"https:\/\/louiselarose.com\/en\/wp-json\/wp\/v2\/comments?post=2905"}],"version-history":[{"count":5,"href":"https:\/\/louiselarose.com\/en\/wp-json\/wp\/v2\/pages\/2905\/revisions"}],"predecessor-version":[{"id":4408,"href":"https:\/\/louiselarose.com\/en\/wp-json\/wp\/v2\/pages\/2905\/revisions\/4408"}],"wp:attachment":[{"href":"https:\/\/louiselarose.com\/en\/wp-json\/wp\/v2\/media?parent=2905"}],"curies":[{"name":"wp","href":"https:\/\/api.w.org\/{rel}","templated":true}]}}